{"id":255,"date":"2023-02-13T13:17:53","date_gmt":"2023-02-13T13:17:53","guid":{"rendered":"https:\/\/turertarim.com.tr\/?page_id=255"},"modified":"2023-02-13T14:40:33","modified_gmt":"2023-02-13T14:40:33","slug":"kalite","status":"publish","type":"page","link":"https:\/\/turertarim.com.tr\/tr\/kalite\/","title":{"rendered":"Kalite"},"content":{"rendered":"\t\t<div data-elementor-type=\"wp-page\" data-elementor-id=\"255\" class=\"elementor elementor-255\" data-elementor-post-type=\"page\">\n\t\t\t\t\t\t<section class=\"elementor-section elementor-top-section elementor-element elementor-element-e702b7f elementor-section-height-min-height topover elementor-section-boxed elementor-section-height-default elementor-section-items-middle\" data-id=\"e702b7f\" data-element_type=\"section\" data-settings=\"{&quot;background_background&quot;:&quot;classic&quot;}\">\n\t\t\t\t\t\t\t<div class=\"elementor-background-overlay\"><\/div>\n\t\t\t\t\t\t\t<div class=\"elementor-container elementor-column-gap-default\">\n\t\t\t\t\t<div class=\"elementor-column elementor-col-100 elementor-top-column elementor-element elementor-element-fad3c66\" data-id=\"fad3c66\" data-element_type=\"column\">\n\t\t\t<div class=\"elementor-widget-wrap elementor-element-populated\">\n\t\t\t\t\t\t<div class=\"elementor-element elementor-element-a3dc351 elementor-widget elementor-widget-heading\" data-id=\"a3dc351\" data-element_type=\"widget\" data-widget_type=\"heading.default\">\n\t\t\t\t<div class=\"elementor-widget-container\">\n\t\t\t<style>\/*! elementor - v3.22.0 - 26-06-2024 *\/\n.elementor-heading-title{padding:0;margin:0;line-height:1}.elementor-widget-heading .elementor-heading-title[class*=elementor-size-]>a{color:inherit;font-size:inherit;line-height:inherit}.elementor-widget-heading .elementor-heading-title.elementor-size-small{font-size:15px}.elementor-widget-heading .elementor-heading-title.elementor-size-medium{font-size:19px}.elementor-widget-heading .elementor-heading-title.elementor-size-large{font-size:29px}.elementor-widget-heading .elementor-heading-title.elementor-size-xl{font-size:39px}.elementor-widget-heading .elementor-heading-title.elementor-size-xxl{font-size:59px}<\/style><h1 class=\"elementor-heading-title elementor-size-default\">Kalite<\/h1>\t\t<\/div>\n\t\t\t\t<\/div>\n\t\t\t\t\t<\/div>\n\t\t<\/div>\n\t\t\t\t\t<\/div>\n\t\t<\/section>\n\t\t\t\t<section class=\"elementor-section elementor-top-section elementor-element elementor-element-186e9f9 elementor-section-boxed elementor-section-height-default elementor-section-height-default\" data-id=\"186e9f9\" data-element_type=\"section\">\n\t\t\t\t\t\t<div class=\"elementor-container elementor-column-gap-default\">\n\t\t\t\t\t<div class=\"elementor-column elementor-col-100 elementor-top-column elementor-element elementor-element-9ebde9e\" data-id=\"9ebde9e\" data-element_type=\"column\">\n\t\t\t<div class=\"elementor-widget-wrap elementor-element-populated\">\n\t\t\t\t\t\t<div class=\"elementor-element elementor-element-312f64e elementor-widget elementor-widget-spacer\" data-id=\"312f64e\" data-element_type=\"widget\" data-widget_type=\"spacer.default\">\n\t\t\t\t<div class=\"elementor-widget-container\">\n\t\t\t<style>\/*! elementor - v3.22.0 - 26-06-2024 *\/\n.elementor-column .elementor-spacer-inner{height:var(--spacer-size)}.e-con{--container-widget-width:100%}.e-con-inner>.elementor-widget-spacer,.e-con>.elementor-widget-spacer{width:var(--container-widget-width,var(--spacer-size));--align-self:var(--container-widget-align-self,initial);--flex-shrink:0}.e-con-inner>.elementor-widget-spacer>.elementor-widget-container,.e-con>.elementor-widget-spacer>.elementor-widget-container{height:100%;width:100%}.e-con-inner>.elementor-widget-spacer>.elementor-widget-container>.elementor-spacer,.e-con>.elementor-widget-spacer>.elementor-widget-container>.elementor-spacer{height:100%}.e-con-inner>.elementor-widget-spacer>.elementor-widget-container>.elementor-spacer>.elementor-spacer-inner,.e-con>.elementor-widget-spacer>.elementor-widget-container>.elementor-spacer>.elementor-spacer-inner{height:var(--container-widget-height,var(--spacer-size))}.e-con-inner>.elementor-widget-spacer.elementor-widget-empty,.e-con>.elementor-widget-spacer.elementor-widget-empty{position:relative;min-height:22px;min-width:22px}.e-con-inner>.elementor-widget-spacer.elementor-widget-empty .elementor-widget-empty-icon,.e-con>.elementor-widget-spacer.elementor-widget-empty .elementor-widget-empty-icon{position:absolute;top:0;bottom:0;left:0;right:0;margin:auto;padding:0;width:22px;height:22px}<\/style>\t\t<div class=\"elementor-spacer\">\n\t\t\t<div class=\"elementor-spacer-inner\"><\/div>\n\t\t<\/div>\n\t\t\t\t<\/div>\n\t\t\t\t<\/div>\n\t\t\t\t\t<\/div>\n\t\t<\/div>\n\t\t\t\t\t<\/div>\n\t\t<\/section>\n\t\t\t\t<section class=\"elementor-section elementor-top-section elementor-element elementor-element-05e313d elementor-section-content-middle elementor-reverse-mobile elementor-section-boxed elementor-section-height-default elementor-section-height-default\" data-id=\"05e313d\" data-element_type=\"section\">\n\t\t\t\t\t\t<div class=\"elementor-container elementor-column-gap-default\">\n\t\t\t\t\t<div class=\"elementor-column elementor-col-50 elementor-top-column elementor-element elementor-element-c44e339\" data-id=\"c44e339\" data-element_type=\"column\">\n\t\t\t<div class=\"elementor-widget-wrap elementor-element-populated\">\n\t\t\t\t\t\t<div class=\"elementor-element elementor-element-a0e205c elementor-widget elementor-widget-heading\" data-id=\"a0e205c\" data-element_type=\"widget\" data-widget_type=\"heading.default\">\n\t\t\t\t<div class=\"elementor-widget-container\">\n\t\t\t<h3 class=\"elementor-heading-title elementor-size-default\">Sorumlulu\u011fumuzun Fark\u0131nday\u0131z<\/h3>\t\t<\/div>\n\t\t\t\t<\/div>\n\t\t\t\t<div class=\"elementor-element elementor-element-4a0ea70 elementor-widget elementor-widget-text-editor\" data-id=\"4a0ea70\" data-element_type=\"widget\" data-widget_type=\"text-editor.default\">\n\t\t\t\t<div class=\"elementor-widget-container\">\n\t\t\t<style>\/*! elementor - v3.22.0 - 26-06-2024 *\/\n.elementor-widget-text-editor.elementor-drop-cap-view-stacked .elementor-drop-cap{background-color:#69727d;color:#fff}.elementor-widget-text-editor.elementor-drop-cap-view-framed .elementor-drop-cap{color:#69727d;border:3px solid;background-color:transparent}.elementor-widget-text-editor:not(.elementor-drop-cap-view-default) .elementor-drop-cap{margin-top:8px}.elementor-widget-text-editor:not(.elementor-drop-cap-view-default) .elementor-drop-cap-letter{width:1em;height:1em}.elementor-widget-text-editor .elementor-drop-cap{float:left;text-align:center;line-height:1;font-size:50px}.elementor-widget-text-editor .elementor-drop-cap-letter{display:inline-block}<\/style>\t\t\t\t<p>T\u00fcrer Tar\u0131m, uluslararas\u0131 sat\u0131\u015flarda lider olmay\u0131 ilke edinen kimyon, kekik, defne ve g\u00fcne\u015fte kurutulmu\u015f domates \u00fcr\u00fcnleri \u00fcretmektedir.<\/p><p>T\u00fcrer Tar\u0131m, \u00fcretim kalitesini, \u00fcretim verimlili\u011fini ve \u00fcr\u00fcn \u00e7e\u015fitlili\u011fini s\u00fcrekli iyile\u015ftirmeyi ama\u00e7lar. T\u00fcrer Tar\u0131m markal\u0131 t\u00fcm \u00fcr\u00fcnler kalite ve g\u0131da g\u00fcvenli\u011fini garanti eder.<\/p><p>T\u00fcrer Tar\u0131m, \u00fcr\u00fcnleri \u00fcretim hatt\u0131ndan t\u00fcketicinin g\u0131da zincirinin son noktas\u0131na kadar m\u00fc\u015fterilerine ula\u015ft\u0131rma sorumlulu\u011funun bilincindedir.<\/p>\t\t\t\t\t\t<\/div>\n\t\t\t\t<\/div>\n\t\t\t\t\t<\/div>\n\t\t<\/div>\n\t\t\t\t<div class=\"elementor-column elementor-col-50 elementor-top-column elementor-element elementor-element-7a53b69\" data-id=\"7a53b69\" data-element_type=\"column\">\n\t\t\t<div class=\"elementor-widget-wrap elementor-element-populated\">\n\t\t\t\t\t\t<div class=\"elementor-element elementor-element-2f49491 elementor-widget elementor-widget-image\" data-id=\"2f49491\" data-element_type=\"widget\" data-widget_type=\"image.default\">\n\t\t\t\t<div class=\"elementor-widget-container\">\n\t\t\t<style>\/*! elementor - v3.22.0 - 26-06-2024 *\/\n.elementor-widget-image{text-align:center}.elementor-widget-image a{display:inline-block}.elementor-widget-image a img[src$=\".svg\"]{width:48px}.elementor-widget-image img{vertical-align:middle;display:inline-block}<\/style>\t\t\t\t\t\t\t\t\t\t<img fetchpriority=\"high\" decoding=\"async\" width=\"800\" height=\"533\" src=\"https:\/\/turertarim.com.tr\/wp-content\/uploads\/2023\/02\/kalite-photo-1-1024x682.jpg\" class=\"attachment-large size-large wp-image-257\" alt=\"\" srcset=\"https:\/\/turertarim.com.tr\/wp-content\/uploads\/2023\/02\/kalite-photo-1-1024x682.jpg 1024w, https:\/\/turertarim.com.tr\/wp-content\/uploads\/2023\/02\/kalite-photo-1-300x200.jpg 300w, https:\/\/turertarim.com.tr\/wp-content\/uploads\/2023\/02\/kalite-photo-1-768x512.jpg 768w, https:\/\/turertarim.com.tr\/wp-content\/uploads\/2023\/02\/kalite-photo-1.jpg 1100w\" sizes=\"(max-width: 800px) 100vw, 800px\" \/>\t\t\t\t\t\t\t\t\t\t\t\t\t<\/div>\n\t\t\t\t<\/div>\n\t\t\t\t\t<\/div>\n\t\t<\/div>\n\t\t\t\t\t<\/div>\n\t\t<\/section>\n\t\t\t\t<section class=\"elementor-section elementor-top-section elementor-element elementor-element-641ac43 elementor-section-content-middle elementor-section-boxed elementor-section-height-default elementor-section-height-default\" data-id=\"641ac43\" data-element_type=\"section\">\n\t\t\t\t\t\t<div class=\"elementor-container elementor-column-gap-default\">\n\t\t\t\t\t<div class=\"elementor-column elementor-col-50 elementor-top-column elementor-element elementor-element-d5e7e64\" data-id=\"d5e7e64\" data-element_type=\"column\">\n\t\t\t<div class=\"elementor-widget-wrap elementor-element-populated\">\n\t\t\t\t\t\t<div class=\"elementor-element elementor-element-f558ad7 elementor-widget elementor-widget-image\" data-id=\"f558ad7\" data-element_type=\"widget\" data-widget_type=\"image.default\">\n\t\t\t\t<div class=\"elementor-widget-container\">\n\t\t\t\t\t\t\t\t\t\t\t\t\t<img decoding=\"async\" width=\"800\" height=\"686\" src=\"https:\/\/turertarim.com.tr\/wp-content\/uploads\/2023\/02\/kalite-photo-2-1024x878.jpg\" class=\"attachment-large size-large wp-image-262\" alt=\"\" srcset=\"https:\/\/turertarim.com.tr\/wp-content\/uploads\/2023\/02\/kalite-photo-2-1024x878.jpg 1024w, https:\/\/turertarim.com.tr\/wp-content\/uploads\/2023\/02\/kalite-photo-2-300x257.jpg 300w, https:\/\/turertarim.com.tr\/wp-content\/uploads\/2023\/02\/kalite-photo-2-768x659.jpg 768w, https:\/\/turertarim.com.tr\/wp-content\/uploads\/2023\/02\/kalite-photo-2.jpg 1046w\" sizes=\"(max-width: 800px) 100vw, 800px\" \/>\t\t\t\t\t\t\t\t\t\t\t\t\t<\/div>\n\t\t\t\t<\/div>\n\t\t\t\t\t<\/div>\n\t\t<\/div>\n\t\t\t\t<div class=\"elementor-column elementor-col-50 elementor-top-column elementor-element elementor-element-87aa2a9\" data-id=\"87aa2a9\" data-element_type=\"column\">\n\t\t\t<div class=\"elementor-widget-wrap elementor-element-populated\">\n\t\t\t\t\t\t<div class=\"elementor-element elementor-element-6c7f5f1 elementor-widget elementor-widget-heading\" data-id=\"6c7f5f1\" data-element_type=\"widget\" data-widget_type=\"heading.default\">\n\t\t\t\t<div class=\"elementor-widget-container\">\n\t\t\t<h3 class=\"elementor-heading-title elementor-size-default\">T\u00fcm Yasal D\u00fczenlemeleri Kabul Ediyoruz<\/h3>\t\t<\/div>\n\t\t\t\t<\/div>\n\t\t\t\t<div class=\"elementor-element elementor-element-9a835ae elementor-widget elementor-widget-text-editor\" data-id=\"9a835ae\" data-element_type=\"widget\" data-widget_type=\"text-editor.default\">\n\t\t\t\t<div class=\"elementor-widget-container\">\n\t\t\t\t\t\t\t<p>T\u00fcrer Tar\u0131m, BRC 7 ve IFS G\u0131da G\u00fcvenli\u011fi Sistemleri ile ISO 14001 \u00c7evre Y\u00f6netim Sistemi&#8217;ni sa\u011flamakta ve yasal mevzuatlar\u0131 t\u00fcm sorumluluklar\u0131 ile kabul etmekte, i\u015fletmemizin b\u00fcy\u00fcme ve karl\u0131l\u0131k hedeflerinden ba\u011f\u0131ms\u0131z olarak kalite ve g\u0131da g\u00fcvenli\u011finden taviz vermemektedir.<\/p><p>T\u00fcrer Tar\u0131m, bu unsur ve de\u011ferleri kullanarak m\u00fc\u015fterilerimizden ve ilgili taraflardan al\u0131nan geri bildirimlerle m\u00fckemmele ula\u015fmay\u0131 hedeflemektedir. G\u0131da \u00fcr\u00fcnlerimizin s\u00fcrekli g\u00fcvenli\u011fini ve kalitesini sa\u011flamak i\u00e7in g\u00f6revlerimizi biliyor ve sorumluluklar\u0131m\u0131z\u0131 kabul ediyoruz.<\/p><p>T\u00fcrer Tar\u0131m ekibi, g\u0131da g\u00fcvenli\u011fi ve kalite y\u00f6netimini benimseyerek gelece\u011fimizi m\u00fckemmel bir \u015fekilde \u015fekillendirmenin, bu ba\u015far\u0131ya ula\u015fmay\u0131 ilke edindi\u011fine inanmaktad\u0131r.<\/p>\t\t\t\t\t\t<\/div>\n\t\t\t\t<\/div>\n\t\t\t\t\t<\/div>\n\t\t<\/div>\n\t\t\t\t\t<\/div>\n\t\t<\/section>\n\t\t\t\t<section class=\"elementor-section elementor-top-section elementor-element elementor-element-ecf8511 elementor-section-content-middle elementor-reverse-mobile elementor-section-boxed elementor-section-height-default elementor-section-height-default\" data-id=\"ecf8511\" data-element_type=\"section\">\n\t\t\t\t\t\t<div class=\"elementor-container elementor-column-gap-default\">\n\t\t\t\t\t<div class=\"elementor-column elementor-col-50 elementor-top-column elementor-element elementor-element-4d2efb6\" data-id=\"4d2efb6\" data-element_type=\"column\">\n\t\t\t<div class=\"elementor-widget-wrap elementor-element-populated\">\n\t\t\t\t\t\t<div class=\"elementor-element elementor-element-bdf93f6 elementor-widget elementor-widget-heading\" data-id=\"bdf93f6\" data-element_type=\"widget\" data-widget_type=\"heading.default\">\n\t\t\t\t<div class=\"elementor-widget-container\">\n\t\t\t<h3 class=\"elementor-heading-title elementor-size-default\">Entegre Y\u00f6netim Sistemlerine Sahibiz<\/h3>\t\t<\/div>\n\t\t\t\t<\/div>\n\t\t\t\t<div class=\"elementor-element elementor-element-a1c8aea elementor-widget elementor-widget-text-editor\" data-id=\"a1c8aea\" data-element_type=\"widget\" data-widget_type=\"text-editor.default\">\n\t\t\t\t<div class=\"elementor-widget-container\">\n\t\t\t\t\t\t\t<p>Turer Tar\u0131m, m\u00fc\u015fteri odakl\u0131l\u0131k, ekip \u00e7al\u0131\u015fmas\u0131, sistemlere ait \u00fcretim s\u00fcrecini takip etme yakla\u015f\u0131m\u0131, kar\u015f\u0131l\u0131kl\u0131 \u00e7\u0131karlarla korunan tedarik\u00e7i ili\u015fkileri, aktif i\u00e7 ve d\u0131\u015f ileti\u015fim, s\u00fcrekli e\u011fitimler, geli\u015fen teknolojiyi ve ki\u015fiselle\u015ftirmeyi takip etme, verimli \u00e7\u00f6z\u00fcmler bulma k\u00fclt\u00fcr\u00fc ve her zaman ger\u00e7ek\u00e7i bir yakla\u015f\u0131mla karar verilirse, bu konular entegre y\u00f6netim sistemlerini do\u011fru form\u00fcle getirecektir.<\/p>\t\t\t\t\t\t<\/div>\n\t\t\t\t<\/div>\n\t\t\t\t\t<\/div>\n\t\t<\/div>\n\t\t\t\t<div class=\"elementor-column elementor-col-50 elementor-top-column elementor-element elementor-element-ba9be32\" data-id=\"ba9be32\" data-element_type=\"column\">\n\t\t\t<div class=\"elementor-widget-wrap elementor-element-populated\">\n\t\t\t\t\t\t<div class=\"elementor-element elementor-element-46709e2 elementor-widget elementor-widget-image\" data-id=\"46709e2\" data-element_type=\"widget\" data-widget_type=\"image.default\">\n\t\t\t\t<div class=\"elementor-widget-container\">\n\t\t\t\t\t\t\t\t\t\t\t\t\t<img decoding=\"async\" width=\"800\" height=\"715\" src=\"https:\/\/turertarim.com.tr\/wp-content\/uploads\/2023\/02\/kalite-photo-3-1024x915.jpg\" class=\"attachment-large size-large wp-image-263\" alt=\"\" srcset=\"https:\/\/turertarim.com.tr\/wp-content\/uploads\/2023\/02\/kalite-photo-3-1024x915.jpg 1024w, https:\/\/turertarim.com.tr\/wp-content\/uploads\/2023\/02\/kalite-photo-3-300x268.jpg 300w, https:\/\/turertarim.com.tr\/wp-content\/uploads\/2023\/02\/kalite-photo-3-768x686.jpg 768w, https:\/\/turertarim.com.tr\/wp-content\/uploads\/2023\/02\/kalite-photo-3.jpg 1035w\" sizes=\"(max-width: 800px) 100vw, 800px\" \/>\t\t\t\t\t\t\t\t\t\t\t\t\t<\/div>\n\t\t\t\t<\/div>\n\t\t\t\t\t<\/div>\n\t\t<\/div>\n\t\t\t\t\t<\/div>\n\t\t<\/section>\n\t\t\t\t<\/div>\n\t\t","protected":false},"excerpt":{"rendered":"<p>Sorumlulu\u011fumuzun Fark\u0131nday\u0131z T\u00fcrer Tar\u0131m, uluslararas\u0131 sat\u0131\u015flarda lider olmay\u0131 ilke edinen kimyon, kekik, defne ve g\u00fcne\u015fte kurutulmu\u015f domates \u00fcr\u00fcnleri \u00fcretmektedir. T\u00fcrer Tar\u0131m, \u00fcretim kalitesini, \u00fcretim verimlili\u011fini ve \u00fcr\u00fcn \u00e7e\u015fitlili\u011fini s\u00fcrekli iyile\u015ftirmeyi ama\u00e7lar. T\u00fcrer Tar\u0131m markal\u0131 t\u00fcm \u00fcr\u00fcnler kalite ve g\u0131da g\u00fcvenli\u011fini garanti eder. T\u00fcrer Tar\u0131m, \u00fcr\u00fcnleri \u00fcretim hatt\u0131ndan t\u00fcketicinin g\u0131da zincirinin son noktas\u0131na kadar m\u00fc\u015fterilerine ula\u015ft\u0131rma [&hellip;]<\/p>\n","protected":false},"author":1,"featured_media":0,"parent":0,"menu_order":0,"comment_status":"closed","ping_status":"closed","template":"","meta":{"_acf_changed":false,"footnotes":""},"class_list":["post-255","page","type-page","status-publish","hentry"],"acf":[],"_links":{"self":[{"href":"https:\/\/turertarim.com.tr\/tr\/wp-json\/wp\/v2\/pages\/255","targetHints":{"allow":["GET"]}}],"collection":[{"href":"https:\/\/turertarim.com.tr\/tr\/wp-json\/wp\/v2\/pages"}],"about":[{"href":"https:\/\/turertarim.com.tr\/tr\/wp-json\/wp\/v2\/types\/page"}],"author":[{"embeddable":true,"href":"https:\/\/turertarim.com.tr\/tr\/wp-json\/wp\/v2\/users\/1"}],"replies":[{"embeddable":true,"href":"https:\/\/turertarim.com.tr\/tr\/wp-json\/wp\/v2\/comments?post=255"}],"version-history":[{"count":7,"href":"https:\/\/turertarim.com.tr\/tr\/wp-json\/wp\/v2\/pages\/255\/revisions"}],"predecessor-version":[{"id":347,"href":"https:\/\/turertarim.com.tr\/tr\/wp-json\/wp\/v2\/pages\/255\/revisions\/347"}],"wp:attachment":[{"href":"https:\/\/turertarim.com.tr\/tr\/wp-json\/wp\/v2\/media?parent=255"}],"curies":[{"name":"wp","href":"https:\/\/api.w.org\/{rel}","templated":true}]}}