{"id":113,"date":"2023-02-13T08:47:29","date_gmt":"2023-02-13T08:47:29","guid":{"rendered":"https:\/\/turertarim.com.tr\/?page_id=113"},"modified":"2023-02-13T14:47:01","modified_gmt":"2023-02-13T14:47:01","slug":"kurumsal","status":"publish","type":"page","link":"https:\/\/turertarim.com.tr\/tr\/kurumsal\/","title":{"rendered":"Kurumsal"},"content":{"rendered":"\t\t<div data-elementor-type=\"wp-page\" data-elementor-id=\"113\" class=\"elementor elementor-113\" data-elementor-post-type=\"page\">\n\t\t\t\t\t\t<section class=\"elementor-section elementor-top-section elementor-element elementor-element-e702b7f elementor-section-height-min-height topover elementor-section-boxed elementor-section-height-default elementor-section-items-middle\" data-id=\"e702b7f\" data-element_type=\"section\" data-settings=\"{&quot;background_background&quot;:&quot;classic&quot;}\">\n\t\t\t\t\t\t\t<div class=\"elementor-background-overlay\"><\/div>\n\t\t\t\t\t\t\t<div class=\"elementor-container elementor-column-gap-default\">\n\t\t\t\t\t<div class=\"elementor-column elementor-col-100 elementor-top-column elementor-element elementor-element-fad3c66\" data-id=\"fad3c66\" data-element_type=\"column\">\n\t\t\t<div class=\"elementor-widget-wrap elementor-element-populated\">\n\t\t\t\t\t\t<div class=\"elementor-element elementor-element-a3dc351 elementor-widget elementor-widget-heading\" data-id=\"a3dc351\" data-element_type=\"widget\" data-widget_type=\"heading.default\">\n\t\t\t\t<div class=\"elementor-widget-container\">\n\t\t\t<style>\/*! elementor - v3.22.0 - 26-06-2024 *\/\n.elementor-heading-title{padding:0;margin:0;line-height:1}.elementor-widget-heading .elementor-heading-title[class*=elementor-size-]>a{color:inherit;font-size:inherit;line-height:inherit}.elementor-widget-heading .elementor-heading-title.elementor-size-small{font-size:15px}.elementor-widget-heading .elementor-heading-title.elementor-size-medium{font-size:19px}.elementor-widget-heading .elementor-heading-title.elementor-size-large{font-size:29px}.elementor-widget-heading .elementor-heading-title.elementor-size-xl{font-size:39px}.elementor-widget-heading .elementor-heading-title.elementor-size-xxl{font-size:59px}<\/style><h1 class=\"elementor-heading-title elementor-size-default\">Kurumsal<\/h1>\t\t<\/div>\n\t\t\t\t<\/div>\n\t\t\t\t\t<\/div>\n\t\t<\/div>\n\t\t\t\t\t<\/div>\n\t\t<\/section>\n\t\t\t\t<section class=\"elementor-section elementor-top-section elementor-element elementor-element-186e9f9 elementor-section-boxed elementor-section-height-default elementor-section-height-default\" data-id=\"186e9f9\" data-element_type=\"section\">\n\t\t\t\t\t\t<div class=\"elementor-container elementor-column-gap-default\">\n\t\t\t\t\t<div class=\"elementor-column elementor-col-100 elementor-top-column elementor-element elementor-element-9ebde9e\" data-id=\"9ebde9e\" data-element_type=\"column\">\n\t\t\t<div class=\"elementor-widget-wrap elementor-element-populated\">\n\t\t\t\t\t\t<div class=\"elementor-element elementor-element-312f64e elementor-widget elementor-widget-spacer\" data-id=\"312f64e\" data-element_type=\"widget\" data-widget_type=\"spacer.default\">\n\t\t\t\t<div class=\"elementor-widget-container\">\n\t\t\t<style>\/*! elementor - v3.22.0 - 26-06-2024 *\/\n.elementor-column .elementor-spacer-inner{height:var(--spacer-size)}.e-con{--container-widget-width:100%}.e-con-inner>.elementor-widget-spacer,.e-con>.elementor-widget-spacer{width:var(--container-widget-width,var(--spacer-size));--align-self:var(--container-widget-align-self,initial);--flex-shrink:0}.e-con-inner>.elementor-widget-spacer>.elementor-widget-container,.e-con>.elementor-widget-spacer>.elementor-widget-container{height:100%;width:100%}.e-con-inner>.elementor-widget-spacer>.elementor-widget-container>.elementor-spacer,.e-con>.elementor-widget-spacer>.elementor-widget-container>.elementor-spacer{height:100%}.e-con-inner>.elementor-widget-spacer>.elementor-widget-container>.elementor-spacer>.elementor-spacer-inner,.e-con>.elementor-widget-spacer>.elementor-widget-container>.elementor-spacer>.elementor-spacer-inner{height:var(--container-widget-height,var(--spacer-size))}.e-con-inner>.elementor-widget-spacer.elementor-widget-empty,.e-con>.elementor-widget-spacer.elementor-widget-empty{position:relative;min-height:22px;min-width:22px}.e-con-inner>.elementor-widget-spacer.elementor-widget-empty .elementor-widget-empty-icon,.e-con>.elementor-widget-spacer.elementor-widget-empty .elementor-widget-empty-icon{position:absolute;top:0;bottom:0;left:0;right:0;margin:auto;padding:0;width:22px;height:22px}<\/style>\t\t<div class=\"elementor-spacer\">\n\t\t\t<div class=\"elementor-spacer-inner\"><\/div>\n\t\t<\/div>\n\t\t\t\t<\/div>\n\t\t\t\t<\/div>\n\t\t\t\t\t<\/div>\n\t\t<\/div>\n\t\t\t\t\t<\/div>\n\t\t<\/section>\n\t\t\t\t<section class=\"elementor-section elementor-top-section elementor-element elementor-element-05e313d elementor-section-boxed elementor-section-height-default elementor-section-height-default\" data-id=\"05e313d\" data-element_type=\"section\">\n\t\t\t\t\t\t<div class=\"elementor-container elementor-column-gap-default\">\n\t\t\t\t\t<div class=\"elementor-column elementor-col-50 elementor-top-column elementor-element elementor-element-7a53b69\" data-id=\"7a53b69\" data-element_type=\"column\">\n\t\t\t<div class=\"elementor-widget-wrap elementor-element-populated\">\n\t\t\t\t\t\t<div class=\"elementor-element elementor-element-318d872 elementor-widget elementor-widget-ucaddon_uc_image_default_theme\" data-id=\"318d872\" data-element_type=\"widget\" data-widget_type=\"ucaddon_uc_image_default_theme.default\">\n\t\t\t\t<div class=\"elementor-widget-container\">\n\t\t\t<!-- start Thumbnail Gallery -->\n\t\t<link id='unitegallery-css' href='https:\/\/turertarim.com.tr\/wp-content\/plugins\/unlimited-elements-for-elementor-premium\/assets_libraries\/unitegallery\/css\/unite-gallery.css' type='text\/css' rel='stylesheet' >\n\t\t<link id='uc_ac_assets_file_ug_theme_default_css_3038-css' href='https:\/\/turertarim.com.tr\/wp-content\/uploads\/ac_assets\/uc_image_default_theme\/ug-theme-default.css' type='text\/css' rel='stylesheet' >\n\n\n\t\t\t<div id=\"uc_uc_image_default_theme_elementor_318d872\" class=\"uc-items-wrapper  \" style=\"display:none; margin:0 auto;\"  data-remote-type=\"gallery\" data-custom-sethtml=\"true\" >\n\n\n<img decoding=\"async\" alt=\"GVMISF5O4Q\"\n   src=\"https:\/\/turertarim.com.tr\/wp-content\/uploads\/2023\/02\/GVMISF5O4Q-768x576.jpg\"\n    data-image=\"https:\/\/turertarim.com.tr\/wp-content\/uploads\/2023\/02\/GVMISF5O4Q-1024x768.jpg\"\n    data-title=\"GVMISF5O4Q\">\n\n<img decoding=\"async\" alt=\"GVMIT2457G\"\n   src=\"https:\/\/turertarim.com.tr\/wp-content\/uploads\/2023\/02\/GVMIT2457G-768x576.jpg\"\n    data-image=\"https:\/\/turertarim.com.tr\/wp-content\/uploads\/2023\/02\/GVMIT2457G-1024x768.jpg\"\n    data-title=\"GVMIT2457G\">\n\n<img decoding=\"async\" alt=\"GVS7KGRSYA\"\n   src=\"https:\/\/turertarim.com.tr\/wp-content\/uploads\/2023\/02\/GVS7KGRSYA-768x513.jpg\"\n    data-image=\"https:\/\/turertarim.com.tr\/wp-content\/uploads\/2023\/02\/GVS7KGRSYA-1024x684.jpg\"\n    data-title=\"GVS7KGRSYA\">\n\n<img decoding=\"async\" alt=\"GVS7K5PAWU\"\n   src=\"https:\/\/turertarim.com.tr\/wp-content\/uploads\/2023\/02\/GVS7K5PAWU-768x513.jpg\"\n    data-image=\"https:\/\/turertarim.com.tr\/wp-content\/uploads\/2023\/02\/GVS7K5PAWU-1024x684.jpg\"\n    data-title=\"GVS7K5PAWU\">\n\n<img decoding=\"async\" alt=\"GVS7JT3QNL\"\n   src=\"https:\/\/turertarim.com.tr\/wp-content\/uploads\/2023\/02\/GVS7JT3QNL-768x535.jpg\"\n    data-image=\"https:\/\/turertarim.com.tr\/wp-content\/uploads\/2023\/02\/GVS7JT3QNL-1024x713.jpg\"\n    data-title=\"GVS7JT3QNL\">\n\n<img decoding=\"async\" alt=\"GVS7BD0SDL\"\n   src=\"https:\/\/turertarim.com.tr\/wp-content\/uploads\/2023\/02\/GVS7BD0SDL-768x513.jpg\"\n    data-image=\"https:\/\/turertarim.com.tr\/wp-content\/uploads\/2023\/02\/GVS7BD0SDL-1024x684.jpg\"\n    data-title=\"GVS7BD0SDL\">\n\n  \n<\/div>\n\t\t\t<!-- end Thumbnail Gallery -->\t\t<\/div>\n\t\t\t\t<\/div>\n\t\t\t\t\t<\/div>\n\t\t<\/div>\n\t\t\t\t<div class=\"elementor-column elementor-col-50 elementor-top-column elementor-element elementor-element-c44e339\" data-id=\"c44e339\" data-element_type=\"column\">\n\t\t\t<div class=\"elementor-widget-wrap elementor-element-populated\">\n\t\t\t\t\t\t<div class=\"elementor-element elementor-element-a0e205c elementor-widget elementor-widget-heading\" data-id=\"a0e205c\" data-element_type=\"widget\" data-widget_type=\"heading.default\">\n\t\t\t\t<div class=\"elementor-widget-container\">\n\t\t\t<h3 class=\"elementor-heading-title elementor-size-default\">Biz T\u00fcrer Tar\u0131m\u0131z...<\/h3>\t\t<\/div>\n\t\t\t\t<\/div>\n\t\t\t\t<div class=\"elementor-element elementor-element-4a0ea70 elementor-widget elementor-widget-text-editor\" data-id=\"4a0ea70\" data-element_type=\"widget\" data-widget_type=\"text-editor.default\">\n\t\t\t\t<div class=\"elementor-widget-container\">\n\t\t\t<style>\/*! elementor - v3.22.0 - 26-06-2024 *\/\n.elementor-widget-text-editor.elementor-drop-cap-view-stacked .elementor-drop-cap{background-color:#69727d;color:#fff}.elementor-widget-text-editor.elementor-drop-cap-view-framed .elementor-drop-cap{color:#69727d;border:3px solid;background-color:transparent}.elementor-widget-text-editor:not(.elementor-drop-cap-view-default) .elementor-drop-cap{margin-top:8px}.elementor-widget-text-editor:not(.elementor-drop-cap-view-default) .elementor-drop-cap-letter{width:1em;height:1em}.elementor-widget-text-editor .elementor-drop-cap{float:left;text-align:center;line-height:1;font-size:50px}.elementor-widget-text-editor .elementor-drop-cap-letter{display:inline-block}<\/style>\t\t\t\t<p>1987 y\u0131l\u0131nda \u0130zmir\/T\u00fcrkiye&#8217;de kurulan T\u00fcrer Tar\u0131m, ba\u015far\u0131 odakl\u0131 ihracat ilkeleri ile y\u00fcksek hacimlerde baharat ve u\u00e7ucu ya\u011flar \u00fcretmekte ve d\u00fcnyan\u0131n lezzet ihtiya\u00e7lar\u0131n\u0131 kar\u015f\u0131lamaktad\u0131r. T\u00fcm bu y\u0131llar\u0131n tecr\u00fcbesiyle Turer Tar\u0131m, Kuzey-G\u00fcney Amerika ve Avrupa&#8217;daki de\u011ferli lider ithalat\u00e7\u0131lar\u0131na y\u00fcksek kalite ve \u00e7e\u015fitli \u00f6zellik se\u00e7enekleri sunmaktad\u0131r. G\u0131da standartlar\u0131n\u0131 ve belgelendirme gerekliliklerini her zaman takip eden Turer Tar\u0131m, teknoloji yat\u0131r\u0131mlar\u0131na, etkin insan kaynaklar\u0131 planlamas\u0131na ve s\u00fcrekli iyile\u015ftirmelere de odaklanmaktad\u0131r.<\/p><p>T\u00fcrer Tar\u0131m, 2016 y\u0131l\u0131 May\u0131s ay\u0131ndan itibaren BRC7 ve IFS 6 sertifikalar\u0131 y\u00f6netmeli\u011fine g\u00f6re in\u015fa edilen 40.000 m2&#8217;lik yeni tesisinde faaliyetlerine devam etmektedir. G\u0131da standartlar\u0131na uygun \u00fcst d\u00fczey makine parkuru, imalat alanlar\u0131n\u0131n 304 paslanmaz \u00e7elik montajl\u0131 duvarlar\u0131 ile Turer Tar\u0131m, g\u00fcvenlik ve m\u00fckemmelli\u011fi birle\u015ftirmeyi hedeflemektedir.<\/p><p>T\u00fcm yeni f\u00fct\u00fcristik g\u0131da \u00fcretim trendlerini takip eden Turer Tar\u0131m, en b\u00fcy\u00fck yat\u0131r\u0131m\u0131n\u0131 y\u00fcksek verimli makine sistemlerine yapmaktad\u0131r. B\u00f6ylece \u00fcretim s\u00fcresini k\u0131saltmam\u0131za ve do\u011fru istihdam ile birim maliyetleri d\u00fc\u015f\u00fcrmemize ve de\u011ferli m\u00fc\u015fterilerimizin spesifikasyon taleplerine en iyi \u015fekilde tedarik etmek i\u00e7in \u00fcr\u00fcn kalitesini iyile\u015ftirmemize olanak tan\u0131r.<\/p><p>Do\u011fruluk ve hassasiyetin \u00f6nemini bilen Turer Tar\u0131m 4 yeni laboratuvara sahiptir. Bunlardan biri \u00fcretim deposunda nem ve boyut s\u0131n\u0131fland\u0131rmalar\u0131 gibi s\u0131kl\u0131kla ihtiya\u00e7 duyulan kontroller i\u00e7in kullan\u0131lmaktad\u0131r. B\u00f6ylece tam da bu spesifikasyon i\u00e7in talep edilen kalitede \u00fcretim yap\u0131ld\u0131\u011f\u0131 garanti edilmektedir. Di\u011fer laboratuvarlar fiziksel, kimyasal analizlerin yan\u0131 s\u0131ra mikrobiyolojik ve alerjen incelemeleri i\u00e7in donat\u0131lm\u0131\u015ft\u0131r. Kavanozlarda talep edilen \u00fcr\u00fcnlerimiz i\u00e7in \u00fcr\u00fcn ve sevkiyat g\u00fcvenli\u011fini sa\u011flamak i\u00e7in kulu\u00e7ka d\u00f6nemi bekletme ve kalite kontrol alanlar\u0131m\u0131z mevcuttur.<\/p><p>S\u00fcrd\u00fcr\u00fclebilirlik ve izlenebilirlik, \u00fcretim ak\u0131\u015f\u0131m\u0131z i\u00e7in son derece \u00f6nemlidir. Bu nedenle \u00fcr\u00fcn tedarik a\u015famalar\u0131m\u0131zda tohumlamadan hasada kadar g\u00fcbreleme ve do\u011fru sulama gibi t\u00fcm a\u015famalar\u0131 yak\u0131ndan takip ediyoruz. Elektronik sistemimiz sayesinde tam takip ve s\u00fcrekli ba\u015far\u0131 i\u00e7in ilgili t\u00fcm bilgi ve a\u015famalara detayl\u0131 olarak ula\u015fabiliyoruz. Ak\u0131\u015f \u015femam\u0131z, D\u00fcnyaca bilinen Sertifikasyon Y\u00f6netmeliklerinin gereksinimlerini kar\u015f\u0131lamam\u0131z\u0131 sa\u011flar.<\/p><p>Turer Tar\u0131m, BRC 7, IFS 6, FSSC 22000, Ko\u015fer Sertifikal\u0131d\u0131r.<\/p><p>T\u00fcrer Tar\u0131m, Organik Sertifika ve Sosyal Uygunluk Giri\u015fimi (BSCI) i\u00e7in kay\u0131t a\u015famas\u0131ndad\u0131r. \u0130lgili denetimlerin tamamlanmas\u0131ndan k\u0131sa bir s\u00fcre sonra bunlar\u0131 alaca\u011f\u0131m\u0131z\u0131 duyurmaktan mutluluk duyuyoruz.<\/p>\t\t\t\t\t\t<\/div>\n\t\t\t\t<\/div>\n\t\t\t\t\t<\/div>\n\t\t<\/div>\n\t\t\t\t\t<\/div>\n\t\t<\/section>\n\t\t\t\t<\/div>\n\t\t","protected":false},"excerpt":{"rendered":"<p>Biz T\u00fcrer Tar\u0131m\u0131z&#8230; 1987 y\u0131l\u0131nda \u0130zmir\/T\u00fcrkiye&#8217;de kurulan T\u00fcrer Tar\u0131m, ba\u015far\u0131 odakl\u0131 ihracat ilkeleri ile y\u00fcksek hacimlerde baharat ve u\u00e7ucu ya\u011flar \u00fcretmekte ve d\u00fcnyan\u0131n lezzet ihtiya\u00e7lar\u0131n\u0131 kar\u015f\u0131lamaktad\u0131r. T\u00fcm bu y\u0131llar\u0131n tecr\u00fcbesiyle Turer Tar\u0131m, Kuzey-G\u00fcney Amerika ve Avrupa&#8217;daki de\u011ferli lider ithalat\u00e7\u0131lar\u0131na y\u00fcksek kalite ve \u00e7e\u015fitli \u00f6zellik se\u00e7enekleri sunmaktad\u0131r. G\u0131da standartlar\u0131n\u0131 ve belgelendirme gerekliliklerini her zaman takip eden [&hellip;]<\/p>\n","protected":false},"author":1,"featured_media":0,"parent":0,"menu_order":0,"comment_status":"closed","ping_status":"closed","template":"","meta":{"_acf_changed":false,"footnotes":""},"class_list":["post-113","page","type-page","status-publish","hentry"],"acf":[],"_links":{"self":[{"href":"https:\/\/turertarim.com.tr\/tr\/wp-json\/wp\/v2\/pages\/113","targetHints":{"allow":["GET"]}}],"collection":[{"href":"https:\/\/turertarim.com.tr\/tr\/wp-json\/wp\/v2\/pages"}],"about":[{"href":"https:\/\/turertarim.com.tr\/tr\/wp-json\/wp\/v2\/types\/page"}],"author":[{"embeddable":true,"href":"https:\/\/turertarim.com.tr\/tr\/wp-json\/wp\/v2\/users\/1"}],"replies":[{"embeddable":true,"href":"https:\/\/turertarim.com.tr\/tr\/wp-json\/wp\/v2\/comments?post=113"}],"version-history":[{"count":13,"href":"https:\/\/turertarim.com.tr\/tr\/wp-json\/wp\/v2\/pages\/113\/revisions"}],"predecessor-version":[{"id":368,"href":"https:\/\/turertarim.com.tr\/tr\/wp-json\/wp\/v2\/pages\/113\/revisions\/368"}],"wp:attachment":[{"href":"https:\/\/turertarim.com.tr\/tr\/wp-json\/wp\/v2\/media?parent=113"}],"curies":[{"name":"wp","href":"https:\/\/api.w.org\/{rel}","templated":true}]}}